{"id":2262,"date":"2021-12-08T19:11:12","date_gmt":"2021-12-08T19:11:12","guid":{"rendered":"https:\/\/villaspoiano.com\/reservations\/"},"modified":"2022-03-14T08:43:54","modified_gmt":"2022-03-14T08:43:54","slug":"reservations","status":"publish","type":"page","link":"https:\/\/villaspoiano.com\/fr\/reservations\/","title":{"rendered":"R\u00e9servations"},"content":{"rendered":"\t\t<div data-elementor-type=\"wp-page\" data-elementor-id=\"2262\" class=\"elementor elementor-2262 elementor-1243\" data-elementor-post-type=\"page\">\n\t\t\t\t\t\t<section class=\"elementor-section elementor-top-section elementor-element elementor-element-aadfad5 elementor-section-boxed elementor-section-height-default elementor-section-height-default\" data-id=\"aadfad5\" data-element_type=\"section\">\n\t\t\t\t\t\t<div class=\"elementor-container elementor-column-gap-default\">\n\t\t\t\t\t<div class=\"elementor-column elementor-col-100 elementor-top-column elementor-element elementor-element-41c3b31\" data-id=\"41c3b31\" data-element_type=\"column\">\n\t\t\t<div class=\"elementor-widget-wrap elementor-element-populated\">\n\t\t\t\t\t\t<div class=\"elementor-element elementor-element-86562d6 elementor-invisible elementor-widget elementor-widget-image\" data-id=\"86562d6\" data-element_type=\"widget\" data-settings=\"{&quot;_animation&quot;:&quot;fadeIn&quot;}\" data-widget_type=\"image.default\">\n\t\t\t\t<div class=\"elementor-widget-container\">\n\t\t\t\t\t\t\t\t\t\t\t\t\t\t\t<img decoding=\"async\" width=\"193\" height=\"108\" src=\"https:\/\/villaspoiano.com\/wp-content\/uploads\/2021\/09\/Icona-casa-3.jpg\" class=\"attachment-medium size-medium wp-image-1957\" alt=\"\" \/>\t\t\t\t\t\t\t\t\t\t\t\t\t\t\t<\/div>\n\t\t\t\t<\/div>\n\t\t\t\t<div class=\"elementor-element elementor-element-ce0c987 elementor-invisible elementor-widget elementor-widget-heading\" data-id=\"ce0c987\" data-element_type=\"widget\" data-settings=\"{&quot;_animation&quot;:&quot;fadeIn&quot;,&quot;_animation_delay&quot;:200}\" data-widget_type=\"heading.default\">\n\t\t\t\t<div class=\"elementor-widget-container\">\n\t\t\t\t\t<h2 class=\"elementor-heading-title elementor-size-default\">R\u00e9server un sejour<\/h2>\t\t\t\t<\/div>\n\t\t\t\t<\/div>\n\t\t\t\t<div class=\"elementor-element elementor-element-2a680ac elementor-invisible elementor-widget elementor-widget-heading\" data-id=\"2a680ac\" data-element_type=\"widget\" data-settings=\"{&quot;_animation&quot;:&quot;fadeIn&quot;,&quot;_animation_delay&quot;:300}\" data-widget_type=\"heading.default\">\n\t\t\t\t<div class=\"elementor-widget-container\">\n\t\t\t\t\t<p class=\"elementor-heading-title elementor-size-default\">Veuillez remplir les champs suivants et nous confirmerons votre r\u00e9servation dans les plus brefs d\u00e9lais.<\/p>\t\t\t\t<\/div>\n\t\t\t\t<\/div>\n\t\t\t\t<section class=\"elementor-section elementor-inner-section elementor-element elementor-element-33b129a elementor-section-boxed elementor-section-height-default elementor-section-height-default elementor-invisible\" data-id=\"33b129a\" data-element_type=\"section\" data-settings=\"{&quot;animation&quot;:&quot;fadeIn&quot;}\">\n\t\t\t\t\t\t<div class=\"elementor-container elementor-column-gap-default\">\n\t\t\t\t\t<div class=\"elementor-column elementor-col-100 elementor-inner-column elementor-element elementor-element-47d27ab\" data-id=\"47d27ab\" data-element_type=\"column\">\n\t\t\t<div class=\"elementor-widget-wrap elementor-element-populated\">\n\t\t\t\t\t\t<div class=\"elementor-element elementor-element-373cb68 elementor-button-align-stretch elementor-widget elementor-widget-form\" data-id=\"373cb68\" data-element_type=\"widget\" data-settings=\"{&quot;step_next_label&quot;:&quot;Next&quot;,&quot;step_previous_label&quot;:&quot;Previous&quot;,&quot;button_width&quot;:&quot;100&quot;,&quot;step_type&quot;:&quot;number_text&quot;,&quot;step_icon_shape&quot;:&quot;circle&quot;}\" data-widget_type=\"form.default\">\n\t\t\t\t<div class=\"elementor-widget-container\">\n\t\t\t\t\t\t\t<form class=\"elementor-form\" method=\"post\" id=\"prenotazionipagina\" name=\"R\u00e9servations\" aria-label=\"R\u00e9servations\">\n\t\t\t<input type=\"hidden\" name=\"post_id\" value=\"2262\"\/>\n\t\t\t<input type=\"hidden\" name=\"form_id\" value=\"373cb68\"\/>\n\t\t\t<input type=\"hidden\" name=\"referer_title\" value=\"R\u00e9servations - Villa Spoiano\" \/>\n\n\t\t\t\t\t\t\t<input type=\"hidden\" name=\"queried_id\" value=\"2262\"\/>\n\t\t\t\n\t\t\t<div class=\"elementor-form-fields-wrapper elementor-labels-above\">\n\t\t\t\t\t\t\t\t<div class=\"elementor-field-type-text elementor-field-group elementor-column elementor-field-group-name elementor-col-100 elementor-field-required\">\n\t\t\t\t\t\t\t\t\t\t\t\t<label for=\"form-field-name\" class=\"elementor-field-label\">\n\t\t\t\t\t\t\t\tNom et pr\u00e9nom\t\t\t\t\t\t\t<\/label>\n\t\t\t\t\t\t\t\t\t\t\t\t\t\t<input size=\"1\" type=\"text\" name=\"form_fields[name]\" id=\"form-field-name\" class=\"elementor-field elementor-size-sm  elementor-field-textual\" placeholder=\"Nom\" required=\"required\">\n\t\t\t\t\t\t\t\t\t\t\t<\/div>\n\t\t\t\t\t\t\t\t<div class=\"elementor-field-type-email elementor-field-group elementor-column elementor-field-group-email elementor-col-100 elementor-field-required\">\n\t\t\t\t\t\t\t\t\t\t\t\t<label for=\"form-field-email\" class=\"elementor-field-label\">\n\t\t\t\t\t\t\t\tEmail\t\t\t\t\t\t\t<\/label>\n\t\t\t\t\t\t\t\t\t\t\t\t\t\t<input size=\"1\" type=\"email\" name=\"form_fields[email]\" id=\"form-field-email\" class=\"elementor-field elementor-size-sm  elementor-field-textual\" placeholder=\"Email\" required=\"required\">\n\t\t\t\t\t\t\t\t\t\t\t<\/div>\n\t\t\t\t\t\t\t\t<div class=\"elementor-field-type-text elementor-field-group elementor-column elementor-field-group-field_53de540 elementor-col-100 elementor-field-required\">\n\t\t\t\t\t\t\t\t\t\t\t\t<label for=\"form-field-field_53de540\" class=\"elementor-field-label\">\n\t\t\t\t\t\t\t\tTelephone\t\t\t\t\t\t\t<\/label>\n\t\t\t\t\t\t\t\t\t\t\t\t\t\t<input size=\"1\" type=\"text\" name=\"form_fields[field_53de540]\" id=\"form-field-field_53de540\" class=\"elementor-field elementor-size-sm  elementor-field-textual\" required=\"required\">\n\t\t\t\t\t\t\t\t\t\t\t<\/div>\n\t\t\t\t\t\t\t\t<div class=\"elementor-field-type-checkbox elementor-field-group elementor-column elementor-field-group-field_009c681 elementor-col-100\">\n\t\t\t\t\t\t\t\t\t\t\t\t<label for=\"form-field-field_009c681\" class=\"elementor-field-label\">\n\t\t\t\t\t\t\t\tO\u00f9 vous souhaitez s\u00e9journer\t\t\t\t\t\t\t<\/label>\n\t\t\t\t\t\t<div class=\"elementor-field-subgroup  elementor-subgroup-inline\"><span class=\"elementor-field-option\"><input type=\"checkbox\" value=\"Chambres dans la Villa. \" id=\"form-field-field_009c681-0\" name=\"form_fields[field_009c681][]\"> <label for=\"form-field-field_009c681-0\">Chambres dans la Villa. <\/label><\/span><span class=\"elementor-field-option\"><input type=\"checkbox\" value=\"Appartement dans une maison\" id=\"form-field-field_009c681-1\" name=\"form_fields[field_009c681][]\"> <label for=\"form-field-field_009c681-1\">Appartement dans une maison<\/label><\/span><\/div>\t\t\t\t<\/div>\n\t\t\t\t\t\t\t\t<div class=\"elementor-field-type-date elementor-field-group elementor-column elementor-field-group-field_455311e elementor-col-50 elementor-field-required\">\n\t\t\t\t\t\t\t\t\t\t\t\t<label for=\"form-field-field_455311e\" class=\"elementor-field-label\">\n\t\t\t\t\t\t\t\tCheck In\t\t\t\t\t\t\t<\/label>\n\t\t\t\t\t\t\n\t\t<input type=\"date\" name=\"form_fields[field_455311e]\" id=\"form-field-field_455311e\" class=\"elementor-field elementor-size-sm  elementor-field-textual elementor-date-field\" placeholder=\"Choisir la date\" required=\"required\" pattern=\"[0-9]{4}-[0-9]{2}-[0-9]{2}\">\n\t\t\t\t\t\t<\/div>\n\t\t\t\t\t\t\t\t<div class=\"elementor-field-type-date elementor-field-group elementor-column elementor-field-group-field_455311f elementor-col-50 elementor-field-required\">\n\t\t\t\t\t\t\t\t\t\t\t\t<label for=\"form-field-field_455311f\" class=\"elementor-field-label\">\n\t\t\t\t\t\t\t\tCheck Out\t\t\t\t\t\t\t<\/label>\n\t\t\t\t\t\t\n\t\t<input type=\"date\" name=\"form_fields[field_455311f]\" id=\"form-field-field_455311f\" class=\"elementor-field elementor-size-sm  elementor-field-textual elementor-date-field\" placeholder=\"Choisir la date\" required=\"required\" pattern=\"[0-9]{4}-[0-9]{2}-[0-9]{2}\">\n\t\t\t\t\t\t<\/div>\n\t\t\t\t\t\t\t\t<div class=\"elementor-field-type-number elementor-field-group elementor-column elementor-field-group-field_2f4a649b elementor-col-50 elementor-field-required\">\n\t\t\t\t\t\t\t\t\t\t\t\t<label for=\"form-field-field_2f4a649b\" class=\"elementor-field-label\">\n\t\t\t\t\t\t\t\tN\u00b0 Adultes\t\t\t\t\t\t\t<\/label>\n\t\t\t\t\t\t\t\t\t<input type=\"number\" name=\"form_fields[field_2f4a649b]\" id=\"form-field-field_2f4a649b\" class=\"elementor-field elementor-size-sm  elementor-field-textual\" placeholder=\"Adultes\" required=\"required\" min=\"\" max=\"\" >\n\t\t\t\t\t\t<\/div>\n\t\t\t\t\t\t\t\t<div class=\"elementor-field-type-number elementor-field-group elementor-column elementor-field-group-field_2f4a649 elementor-col-50 elementor-field-required\">\n\t\t\t\t\t\t\t\t\t\t\t\t<label for=\"form-field-field_2f4a649\" class=\"elementor-field-label\">\n\t\t\t\t\t\t\t\tN\u00b0 Enfants\t\t\t\t\t\t\t<\/label>\n\t\t\t\t\t\t\t\t\t<input type=\"number\" name=\"form_fields[field_2f4a649]\" id=\"form-field-field_2f4a649\" class=\"elementor-field elementor-size-sm  elementor-field-textual\" placeholder=\"Enfants\" required=\"required\" min=\"\" max=\"\" >\n\t\t\t\t\t\t<\/div>\n\t\t\t\t\t\t\t\t<div class=\"elementor-field-type-textarea elementor-field-group elementor-column elementor-field-group-message elementor-col-100\">\n\t\t\t\t\t\t\t\t\t\t\t\t<label for=\"form-field-message\" class=\"elementor-field-label\">\n\t\t\t\t\t\t\t\tMessage\t\t\t\t\t\t\t<\/label>\n\t\t\t\t\t\t<textarea class=\"elementor-field-textual elementor-field  elementor-size-sm\" name=\"form_fields[message]\" id=\"form-field-message\" rows=\"4\" placeholder=\"Message\"><\/textarea>\t\t\t\t<\/div>\n\t\t\t\t\t\t\t\t<div class=\"elementor-field-type-acceptance elementor-field-group elementor-column elementor-field-group-field_9132c65 elementor-col-100 elementor-field-required\">\n\t\t\t\t\t\t\t\t\t\t\t\t<label for=\"form-field-field_9132c65\" class=\"elementor-field-label\">\n\t\t\t\t\t\t\t\tPrivacy Policy\t\t\t\t\t\t\t<\/label>\n\t\t\t\t\t\t\t\t<div class=\"elementor-field-subgroup\">\n\t\t\t<span class=\"elementor-field-option\">\n\t\t\t\t<input type=\"checkbox\" name=\"form_fields[field_9132c65]\" id=\"form-field-field_9132c65\" class=\"elementor-field elementor-size-sm  elementor-acceptance-field\" required=\"required\">\n\t\t\t\t<label for=\"form-field-field_9132c65\">J'accepte le traitement de mes donn\u00e9es \u00e0 des fins de contact.<\/label>\t\t\t<\/span>\n\t\t<\/div>\n\t\t\t\t\t\t<\/div>\n\t\t\t\t\t\t\t\t<div class=\"elementor-field-type-recaptcha_v3 elementor-field-group elementor-column elementor-field-group-field_b338a81 elementor-col-100 recaptcha_v3-bottomleft\">\n\t\t\t\t\t<div class=\"elementor-field\" id=\"form-field-field_b338a81\"><div class=\"elementor-g-recaptcha\" data-sitekey=\"6LeSotsdAAAAADs5l2uqJug2xpWzoQOMpB3UmSrk\" data-type=\"v3\" data-action=\"Form\" data-badge=\"bottomleft\" data-size=\"invisible\"><\/div><\/div>\t\t\t\t<\/div>\n\t\t\t\t\t\t\t\t<div class=\"elementor-field-group elementor-column elementor-field-type-submit elementor-col-100 e-form__buttons\">\n\t\t\t\t\t<button class=\"elementor-button elementor-size-sm\" type=\"submit\">\n\t\t\t\t\t\t<span class=\"elementor-button-content-wrapper\">\n\t\t\t\t\t\t\t\t\t\t\t\t\t\t\t\t\t\t\t\t\t\t<span class=\"elementor-button-text\">Envoyer une demande<\/span>\n\t\t\t\t\t\t\t\t\t\t\t\t\t<\/span>\n\t\t\t\t\t<\/button>\n\t\t\t\t<\/div>\n\t\t\t<\/div>\n\t\t<\/form>\n\t\t\t\t\t\t<\/div>\n\t\t\t\t<\/div>\n\t\t\t\t\t<\/div>\n\t\t<\/div>\n\t\t\t\t\t<\/div>\n\t\t<\/section>\n\t\t\t\t\t<\/div>\n\t\t<\/div>\n\t\t\t\t\t<\/div>\n\t\t<\/section>\n\t\t\t\t<\/div>\n\t\t","protected":false},"excerpt":{"rendered":"<p>R\u00e9server un sejour Veuillez remplir les champs suivants et nous confirmerons votre r\u00e9servation dans les plus brefs d\u00e9lais.<\/p>\n","protected":false},"author":1,"featured_media":0,"parent":0,"menu_order":0,"comment_status":"closed","ping_status":"closed","template":"","meta":{"site-sidebar-layout":"no-sidebar","site-content-layout":"page-builder","ast-site-content-layout":"default","site-content-style":"default","site-sidebar-style":"default","ast-global-header-display":"","ast-banner-title-visibility":"","ast-main-header-display":"","ast-hfb-above-header-display":"","ast-hfb-below-header-display":"","ast-hfb-mobile-header-display":"","site-post-title":"disabled","ast-breadcrumbs-content":"","ast-featured-img":"disabled","footer-sml-layout":"","ast-disable-related-posts":"","theme-transparent-header-meta":"default","adv-header-id-meta":"","stick-header-meta":"default","header-above-stick-meta":"","header-main-stick-meta":"","header-below-stick-meta":"","astra-migrate-meta-layouts":"default","ast-page-background-enabled":"default","ast-page-background-meta":{"desktop":{"background-color":"","background-image":"","background-repeat":"repeat","background-position":"center center","background-size":"auto","background-attachment":"scroll","background-type":"","background-media":"","overlay-type":"","overlay-color":"","overlay-opacity":"","overlay-gradient":""},"tablet":{"background-color":"","background-image":"","background-repeat":"repeat","background-position":"center center","background-size":"auto","background-attachment":"scroll","background-type":"","background-media":"","overlay-type":"","overlay-color":"","overlay-opacity":"","overlay-gradient":""},"mobile":{"background-color":"","background-image":"","background-repeat":"repeat","background-position":"center center","background-size":"auto","background-attachment":"scroll","background-type":"","background-media":"","overlay-type":"","overlay-color":"","overlay-opacity":"","overlay-gradient":""}},"ast-content-background-meta":{"desktop":{"background-color":"var(--ast-global-color-5)","background-image":"","background-repeat":"repeat","background-position":"center center","background-size":"auto","background-attachment":"scroll","background-type":"","background-media":"","overlay-type":"","overlay-color":"","overlay-opacity":"","overlay-gradient":""},"tablet":{"background-color":"var(--ast-global-color-5)","background-image":"","background-repeat":"repeat","background-position":"center center","background-size":"auto","background-attachment":"scroll","background-type":"","background-media":"","overlay-type":"","overlay-color":"","overlay-opacity":"","overlay-gradient":""},"mobile":{"background-color":"var(--ast-global-color-5)","background-image":"","background-repeat":"repeat","background-position":"center center","background-size":"auto","background-attachment":"scroll","background-type":"","background-media":"","overlay-type":"","overlay-color":"","overlay-opacity":"","overlay-gradient":""}},"footnotes":""},"class_list":["post-2262","page","type-page","status-publish","hentry"],"yoast_head":"<!-- This site is optimized with the Yoast SEO plugin v26.8 - https:\/\/yoast.com\/product\/yoast-seo-wordpress\/ -->\n<title>R\u00e9servations - Villa Spoiano<\/title>\n<meta name=\"robots\" content=\"index, follow, max-snippet:-1, max-image-preview:large, max-video-preview:-1\" \/>\n<link rel=\"canonical\" href=\"https:\/\/villaspoiano.com\/fr\/reservations\/\" \/>\n<meta property=\"og:locale\" content=\"fr_FR\" \/>\n<meta property=\"og:type\" content=\"article\" \/>\n<meta property=\"og:title\" content=\"R\u00e9servations - Villa Spoiano\" \/>\n<meta property=\"og:description\" content=\"R\u00e9server un sejour Veuillez remplir les champs suivants et nous confirmerons votre r\u00e9servation dans les plus brefs d\u00e9lais.\" \/>\n<meta property=\"og:url\" content=\"https:\/\/villaspoiano.com\/fr\/reservations\/\" \/>\n<meta property=\"og:site_name\" content=\"Villa Spoiano\" \/>\n<meta property=\"article:publisher\" content=\"https:\/\/www.facebook.com\/VillaSpoiano\/\" \/>\n<meta property=\"article:modified_time\" content=\"2022-03-14T08:43:54+00:00\" \/>\n<meta property=\"og:image\" content=\"https:\/\/villaspoiano.com\/wp-content\/uploads\/2021\/09\/Icona-casa-3.jpg\" \/>\n<meta name=\"twitter:card\" content=\"summary_large_image\" \/>\n<script type=\"application\/ld+json\" class=\"yoast-schema-graph\">{\"@context\":\"https:\/\/schema.org\",\"@graph\":[{\"@type\":\"WebPage\",\"@id\":\"https:\/\/villaspoiano.com\/fr\/reservations\/\",\"url\":\"https:\/\/villaspoiano.com\/fr\/reservations\/\",\"name\":\"R\u00e9servations - Villa Spoiano\",\"isPartOf\":{\"@id\":\"https:\/\/villaspoiano.com\/fr\/#website\"},\"primaryImageOfPage\":{\"@id\":\"https:\/\/villaspoiano.com\/fr\/reservations\/#primaryimage\"},\"image\":{\"@id\":\"https:\/\/villaspoiano.com\/fr\/reservations\/#primaryimage\"},\"thumbnailUrl\":\"https:\/\/villaspoiano.com\/wp-content\/uploads\/2021\/09\/Icona-casa-3.jpg\",\"datePublished\":\"2021-12-08T19:11:12+00:00\",\"dateModified\":\"2022-03-14T08:43:54+00:00\",\"breadcrumb\":{\"@id\":\"https:\/\/villaspoiano.com\/fr\/reservations\/#breadcrumb\"},\"inLanguage\":\"fr-FR\",\"potentialAction\":[{\"@type\":\"ReadAction\",\"target\":[\"https:\/\/villaspoiano.com\/fr\/reservations\/\"]}]},{\"@type\":\"ImageObject\",\"inLanguage\":\"fr-FR\",\"@id\":\"https:\/\/villaspoiano.com\/fr\/reservations\/#primaryimage\",\"url\":\"https:\/\/villaspoiano.com\/wp-content\/uploads\/2021\/09\/Icona-casa-3.jpg\",\"contentUrl\":\"https:\/\/villaspoiano.com\/wp-content\/uploads\/2021\/09\/Icona-casa-3.jpg\"},{\"@type\":\"BreadcrumbList\",\"@id\":\"https:\/\/villaspoiano.com\/fr\/reservations\/#breadcrumb\",\"itemListElement\":[{\"@type\":\"ListItem\",\"position\":1,\"name\":\"Home\",\"item\":\"https:\/\/villaspoiano.com\/fr\/\"},{\"@type\":\"ListItem\",\"position\":2,\"name\":\"R\u00e9servations\"}]},{\"@type\":\"WebSite\",\"@id\":\"https:\/\/villaspoiano.com\/fr\/#website\",\"url\":\"https:\/\/villaspoiano.com\/fr\/\",\"name\":\"Villa Spoiano\",\"description\":\"Agriturismo in Chianti - Firenze - Siena - Tavarnelle Val di Pesa\",\"publisher\":{\"@id\":\"https:\/\/villaspoiano.com\/fr\/#organization\"},\"potentialAction\":[{\"@type\":\"SearchAction\",\"target\":{\"@type\":\"EntryPoint\",\"urlTemplate\":\"https:\/\/villaspoiano.com\/fr\/?s={search_term_string}\"},\"query-input\":{\"@type\":\"PropertyValueSpecification\",\"valueRequired\":true,\"valueName\":\"search_term_string\"}}],\"inLanguage\":\"fr-FR\"},{\"@type\":\"Organization\",\"@id\":\"https:\/\/villaspoiano.com\/fr\/#organization\",\"name\":\"Villa di Spoiano\",\"url\":\"https:\/\/villaspoiano.com\/fr\/\",\"logo\":{\"@type\":\"ImageObject\",\"inLanguage\":\"fr-FR\",\"@id\":\"https:\/\/villaspoiano.com\/fr\/#\/schema\/logo\/image\/\",\"url\":\"https:\/\/villaspoiano.com\/wp-content\/uploads\/2021\/10\/Villa-di-Spoiano-Logo.png\",\"contentUrl\":\"https:\/\/villaspoiano.com\/wp-content\/uploads\/2021\/10\/Villa-di-Spoiano-Logo.png\",\"width\":895,\"height\":224,\"caption\":\"Villa di Spoiano\"},\"image\":{\"@id\":\"https:\/\/villaspoiano.com\/fr\/#\/schema\/logo\/image\/\"},\"sameAs\":[\"https:\/\/www.facebook.com\/VillaSpoiano\/\",\"https:\/\/www.instagram.com\/villaspoianowinery\/\"]}]}<\/script>\n<!-- \/ Yoast SEO plugin. -->","yoast_head_json":{"title":"R\u00e9servations - Villa Spoiano","robots":{"index":"index","follow":"follow","max-snippet":"max-snippet:-1","max-image-preview":"max-image-preview:large","max-video-preview":"max-video-preview:-1"},"canonical":"https:\/\/villaspoiano.com\/fr\/reservations\/","og_locale":"fr_FR","og_type":"article","og_title":"R\u00e9servations - Villa Spoiano","og_description":"R\u00e9server un sejour Veuillez remplir les champs suivants et nous confirmerons votre r\u00e9servation dans les plus brefs d\u00e9lais.","og_url":"https:\/\/villaspoiano.com\/fr\/reservations\/","og_site_name":"Villa Spoiano","article_publisher":"https:\/\/www.facebook.com\/VillaSpoiano\/","article_modified_time":"2022-03-14T08:43:54+00:00","og_image":[{"url":"https:\/\/villaspoiano.com\/wp-content\/uploads\/2021\/09\/Icona-casa-3.jpg","type":"","width":"","height":""}],"twitter_card":"summary_large_image","schema":{"@context":"https:\/\/schema.org","@graph":[{"@type":"WebPage","@id":"https:\/\/villaspoiano.com\/fr\/reservations\/","url":"https:\/\/villaspoiano.com\/fr\/reservations\/","name":"R\u00e9servations - Villa Spoiano","isPartOf":{"@id":"https:\/\/villaspoiano.com\/fr\/#website"},"primaryImageOfPage":{"@id":"https:\/\/villaspoiano.com\/fr\/reservations\/#primaryimage"},"image":{"@id":"https:\/\/villaspoiano.com\/fr\/reservations\/#primaryimage"},"thumbnailUrl":"https:\/\/villaspoiano.com\/wp-content\/uploads\/2021\/09\/Icona-casa-3.jpg","datePublished":"2021-12-08T19:11:12+00:00","dateModified":"2022-03-14T08:43:54+00:00","breadcrumb":{"@id":"https:\/\/villaspoiano.com\/fr\/reservations\/#breadcrumb"},"inLanguage":"fr-FR","potentialAction":[{"@type":"ReadAction","target":["https:\/\/villaspoiano.com\/fr\/reservations\/"]}]},{"@type":"ImageObject","inLanguage":"fr-FR","@id":"https:\/\/villaspoiano.com\/fr\/reservations\/#primaryimage","url":"https:\/\/villaspoiano.com\/wp-content\/uploads\/2021\/09\/Icona-casa-3.jpg","contentUrl":"https:\/\/villaspoiano.com\/wp-content\/uploads\/2021\/09\/Icona-casa-3.jpg"},{"@type":"BreadcrumbList","@id":"https:\/\/villaspoiano.com\/fr\/reservations\/#breadcrumb","itemListElement":[{"@type":"ListItem","position":1,"name":"Home","item":"https:\/\/villaspoiano.com\/fr\/"},{"@type":"ListItem","position":2,"name":"R\u00e9servations"}]},{"@type":"WebSite","@id":"https:\/\/villaspoiano.com\/fr\/#website","url":"https:\/\/villaspoiano.com\/fr\/","name":"Villa Spoiano","description":"Agriturismo in Chianti - Firenze - Siena - Tavarnelle Val di Pesa","publisher":{"@id":"https:\/\/villaspoiano.com\/fr\/#organization"},"potentialAction":[{"@type":"SearchAction","target":{"@type":"EntryPoint","urlTemplate":"https:\/\/villaspoiano.com\/fr\/?s={search_term_string}"},"query-input":{"@type":"PropertyValueSpecification","valueRequired":true,"valueName":"search_term_string"}}],"inLanguage":"fr-FR"},{"@type":"Organization","@id":"https:\/\/villaspoiano.com\/fr\/#organization","name":"Villa di Spoiano","url":"https:\/\/villaspoiano.com\/fr\/","logo":{"@type":"ImageObject","inLanguage":"fr-FR","@id":"https:\/\/villaspoiano.com\/fr\/#\/schema\/logo\/image\/","url":"https:\/\/villaspoiano.com\/wp-content\/uploads\/2021\/10\/Villa-di-Spoiano-Logo.png","contentUrl":"https:\/\/villaspoiano.com\/wp-content\/uploads\/2021\/10\/Villa-di-Spoiano-Logo.png","width":895,"height":224,"caption":"Villa di Spoiano"},"image":{"@id":"https:\/\/villaspoiano.com\/fr\/#\/schema\/logo\/image\/"},"sameAs":["https:\/\/www.facebook.com\/VillaSpoiano\/","https:\/\/www.instagram.com\/villaspoianowinery\/"]}]}},"_links":{"self":[{"href":"https:\/\/villaspoiano.com\/fr\/wp-json\/wp\/v2\/pages\/2262","targetHints":{"allow":["GET"]}}],"collection":[{"href":"https:\/\/villaspoiano.com\/fr\/wp-json\/wp\/v2\/pages"}],"about":[{"href":"https:\/\/villaspoiano.com\/fr\/wp-json\/wp\/v2\/types\/page"}],"author":[{"embeddable":true,"href":"https:\/\/villaspoiano.com\/fr\/wp-json\/wp\/v2\/users\/1"}],"replies":[{"embeddable":true,"href":"https:\/\/villaspoiano.com\/fr\/wp-json\/wp\/v2\/comments?post=2262"}],"version-history":[{"count":4,"href":"https:\/\/villaspoiano.com\/fr\/wp-json\/wp\/v2\/pages\/2262\/revisions"}],"predecessor-version":[{"id":2746,"href":"https:\/\/villaspoiano.com\/fr\/wp-json\/wp\/v2\/pages\/2262\/revisions\/2746"}],"wp:attachment":[{"href":"https:\/\/villaspoiano.com\/fr\/wp-json\/wp\/v2\/media?parent=2262"}],"curies":[{"name":"wp","href":"https:\/\/api.w.org\/{rel}","templated":true}]}}